{"id":2,"date":"2016-02-11T15:13:06","date_gmt":"2016-02-11T15:13:06","guid":{"rendered":"http:\/\/hart.no\/wordpress\/?page_id=2"},"modified":"2017-03-20T18:52:22","modified_gmt":"2017-03-20T18:52:22","slug":"sample-page","status":"publish","type":"page","link":"https:\/\/hart.no\/wordpress\/?page_id=2","title":{"rendered":"Kontakt"},"content":{"rendered":"<p>Liker du bildene mine og \u00f8nsker mer informasjon, s\u00e5 kan du kontakte meg ved \u00e5 fylle ut f\u00f8lgende skjema.<br \/>\n[Form id=&raquo;10&#8243;]<\/p>\n","protected":false},"excerpt":{"rendered":"<p>Liker du bildene mine og \u00f8nsker mer informasjon, s\u00e5 kan du kontakte meg ved \u00e5 fylle ut f\u00f8lgende skjema. [Form id=&raquo;10&#8243;]<\/p>\n","protected":false},"author":1,"featured_media":0,"parent":0,"menu_order":0,"comment_status":"closed","ping_status":"closed","template":"","meta":{"footnotes":""},"class_list":["post-2","page","type-page","status-publish","hentry"],"_links":{"self":[{"href":"https:\/\/hart.no\/wordpress\/index.php?rest_route=\/wp\/v2\/pages\/2","targetHints":{"allow":["GET"]}}],"collection":[{"href":"https:\/\/hart.no\/wordpress\/index.php?rest_route=\/wp\/v2\/pages"}],"about":[{"href":"https:\/\/hart.no\/wordpress\/index.php?rest_route=\/wp\/v2\/types\/page"}],"author":[{"embeddable":true,"href":"https:\/\/hart.no\/wordpress\/index.php?rest_route=\/wp\/v2\/users\/1"}],"replies":[{"embeddable":true,"href":"https:\/\/hart.no\/wordpress\/index.php?rest_route=%2Fwp%2Fv2%2Fcomments&post=2"}],"version-history":[{"count":15,"href":"https:\/\/hart.no\/wordpress\/index.php?rest_route=\/wp\/v2\/pages\/2\/revisions"}],"predecessor-version":[{"id":136,"href":"https:\/\/hart.no\/wordpress\/index.php?rest_route=\/wp\/v2\/pages\/2\/revisions\/136"}],"wp:attachment":[{"href":"https:\/\/hart.no\/wordpress\/index.php?rest_route=%2Fwp%2Fv2%2Fmedia&parent=2"}],"curies":[{"name":"wp","href":"https:\/\/api.w.org\/{rel}","templated":true}]}}